{"id":11,"date":"2008-02-19T23:24:58","date_gmt":"2008-02-19T22:24:58","guid":{"rendered":"http:\/\/www.admerito.nl\/nieuw\/?page_id=11"},"modified":"2022-01-30T13:25:59","modified_gmt":"2022-01-30T11:25:59","slug":"aanpak","status":"publish","type":"page","link":"https:\/\/www.admerito.nl\/?page_id=11","title":{"rendered":"Aanpak van business development &#038; innovatie trajecten"},"content":{"rendered":"<p>De projectmatige aanpak laat zich het beste omschrijven als een geplande reis met een gedegen voorbereiding. AdMerito werkt samen met u als reisgids en reisgenoot.<br \/>\n<strong><em><br \/>\nHet 7 stappenplan van AdMerito:<\/em><\/strong><\/p>\n<ol>\n<li>\n<p align=\"justify\"><strong>Business\u00a0Development\u00a0<\/strong><strong>Radar\u00ae:<\/strong>\u00a0\u00a0\u00a0\u00a0\u00a0\u00a0\u00a0\u00a0\u00a0\u00a0\u00a0\u00a0\u00a0\u00a0\u00a0\u00a0\u00a0\u00a0\u00a0\u00a0\u00a0\u00a0\u00a0\u00a0\u00a0\u00a0\u00a0\u00a0\u00a0\u00a0\u00a0\u00a0\u00a0\u00a0\u00a0\u00a0\u00a0\u00a0\u00a0\u00a0\u00a0\u00a0\u00a0\u00a0\u00a0\u00a0\u00a0\u00a0\u00a0\u00a0\u00a0\u00a0\u00a0\u00a0\u00a0\u00a0\u00a0\u00a0\u00a0\u00a0\u00a0\u00a0\u00a0\u00a0\u00a0\u00a0\u00a0\u00a0\u00a0\u00a0\u00a0\u00a0\u00a0\u00a0\u00a0\u00a0\u00a0\u00a0\u00a0\u00a0\u00a0\u00a0\u00a0\u00a0\u00a0\u00a0\u00a0\u00a0\u00a0\u00a0\u00a0\u00a0\u00a0\u00a0\u00a0\u00a0\u00a0\u00a0\u00a0\u00a0\u00a0\u00a0\u00a0\u00a0\u00a0\u00a0\u00a0\u00a0\u00a0\u00a0\u00a0\u00a0\u00a0\u00a0\u00a0\u00a0\u00a0\u00a0\u00a0\u00a0\u00a0\u00a0\u00a0\u00a0\u00a0\u00a0\u00a0\u00a0\u00a0\u00a0\u00a0\u00a0\u00a0\u00a0 Een eerste radar om de mogelijkheden tot verbeteren van het rendement van uw business development activiteiten te inventariseren. Daarbij worden concrete\u00a0kansen aangegeven.<\/p>\n<\/li>\n<li>\n<p align=\"justify\"><strong>Kiezen\u00a0van\u00a0kansrijke\u00a0mogelijkheden:<\/strong>\u00a0\u00a0\u00a0\u00a0\u00a0\u00a0\u00a0\u00a0\u00a0\u00a0\u00a0\u00a0\u00a0\u00a0\u00a0\u00a0\u00a0\u00a0\u00a0\u00a0\u00a0\u00a0\u00a0\u00a0\u00a0\u00a0\u00a0\u00a0\u00a0\u00a0\u00a0\u00a0\u00a0\u00a0\u00a0\u00a0\u00a0\u00a0\u00a0\u00a0\u00a0\u00a0\u00a0\u00a0\u00a0\u00a0\u00a0\u00a0\u00a0\u00a0\u00a0\u00a0\u00a0\u00a0\u00a0\u00a0\u00a0\u00a0\u00a0\u00a0\u00a0\u00a0\u00a0\u00a0\u00a0\u00a0\u00a0\u00a0\u00a0\u00a0\u00a0\u00a0\u00a0\u00a0\u00a0\u00a0\u00a0\u00a0\u00a0\u00a0\u00a0\u00a0\u00a0\u00a0\u00a0\u00a0\u00a0\u00a0\u00a0\u00a0\u00a0\u00a0\u00a0\u00a0\u00a0\u00a0\u00a0\u00a0\u00a0\u00a0\u00a0\u00a0\u00a0\u00a0\u00a0\u00a0\u00a0\u00a0\u00a0\u00a0\u00a0\u00a0\u00a0\u00a0\u00a0\u00a0\u00a0\u00a0\u00a0\u00a0\u00a0\u00a0 Hier worden concrete en kansrijke richtingen voor het ontwikkelen van nieuwe business vastgelegd.<\/p>\n<\/li>\n<li>\n<p align=\"justify\"><strong>Waar\u00a0haalt\u00a0u\u00a0de\u00a0tijd\u00a0en\u00a0mogelijkheden\u00a0vandaan\u00a0om\u00a0nieuwe\u00a0business\u00a0te\u00a0ontwikkelen?\u00a0\u00a0\u00a0\u00a0\u00a0\u00a0\u00a0\u00a0\u00a0\u00a0\u00a0\u00a0\u00a0\u00a0\u00a0\u00a0\u00a0\u00a0\u00a0\u00a0\u00a0\u00a0\u00a0\u00a0\u00a0 <\/strong>Een veelgehoorde opmerking is het gebrek aan tijd en mankracht om nieuwe business te genereren. Binnen uw bestaande organisatie is vaak tijd en mankracht te vinden door anders naar uw bedrijfsvoering te kijken. Daarnaast implementeert AdMerito samen met u de business, waardoor er commerci\u00eble capaciteit en slagkracht wordt toegevoegd op projectbasis.<\/p>\n<\/li>\n<li>\n<p align=\"justify\"><strong>Business ontwikkelen en uitvoeren<\/strong><br \/>\nAltijd in multidisciplinaire teams en met inbreng van de klant vanaf de start, zodat commercie en techniek samen werken aan de groei. Een duidelijk stappenplan met mijlpalen en beslismomenten wordt in onderling overleg vastgelegd. Want dat zijn bewezen succesfactoren bij business development.<\/li>\n<li>\n<p align=\"justify\"><strong>Commerci\u00eble introductie<\/strong><br \/>\nDenken en doen gaan hand in hand, waarbij AdMerito ook extra commerci\u00eble capaciteit en slagkracht geeft. Want in de commerci\u00eble uitvoering schuilt een essenti\u00eble sleutel tot succes.<\/li>\n<li>\n<p align=\"justify\"><strong>Monitoren en bijsturen<\/strong><br \/>\nDoor het goed volgen van de resultaten kunnen de acties bijgestuurd worden. Juist door dit in het team te doen worden ook de resultaten onderdeel van het proces.<\/li>\n<li>\n<p align=\"justify\"><strong>Zelfstandig nieuwe business ontwikkelen en implementeren<\/strong><br \/>\nDat is altijd het uitgangspunt van de aanpak van AdMerito. Door business te ontwikkelen en uit te voeren leert u. Het is bewezen dat hoe vaker men nieuwe business ontwikkelt, hoe groter de kans op succes in nieuwe projecten wordt.<\/li>\n<\/ol>\n<p><strong>Klanten en gebruikers staan centraal<\/strong><br \/>\nUw (potenti\u00eble) klanten en gebruikers zijn de spil waarom het draait. Zij worden vanaf de start van het project betrokken, zodat we samen werken aan een onderscheidend en duurzaam klantenvoordeel . Ook wordt uw klant automatisch onderdeel van de ontwikkeling en zo genereert u uw eerste nieuwe business.<\/p>\n<p><strong><br \/>\nBetrokkenheid medewerkers uit verschillende disciplines<\/strong><br \/>\nZonder uw medewerkers is de reis van weinig toegevoegde waarde. Veel<br \/>\naandacht besteden we aan het samen denken en doen, want daarmee wordt de verbinding van uw ambities met die van uw medewerkers gelegd. Zo werken we samen aan een gezonde groei van uw organisatie \u00e9n uw medewerkers.<\/p>\n<p><strong>Samen werken aan groei<\/strong><br \/>\nDe benadering van AdMerito bestaat uit een combinatie van verschillende disciplines : business development, marketing, projectmanagement, organisatieontwikkeling en veranderkunde. Deze kennis en kunde, gecombineerd met een rijke praktijkervaring, maakt van AdMerito een ideale partner voor organisaties die (willen) groeien en daarmee een gezond fundament voor de toekomst willen leggen. Klik <a href=\"?page_id=8\">hier<\/a> om een ori\u00ebnterende afspraak te maken over een mogelijke samenwerking.<\/p>\n","protected":false},"excerpt":{"rendered":"<p>De projectmatige aanpak laat zich het beste omschrijven als een geplande reis met een gedegen voorbereiding. AdMerito werkt samen met u als reisgids en reisgenoot. Het 7 stappenplan van AdMerito: Business\u00a0Development\u00a0Radar\u00ae:\u00a0\u00a0\u00a0\u00a0\u00a0\u00a0\u00a0\u00a0\u00a0\u00a0\u00a0\u00a0\u00a0\u00a0\u00a0\u00a0\u00a0\u00a0\u00a0\u00a0\u00a0\u00a0\u00a0\u00a0\u00a0\u00a0\u00a0\u00a0\u00a0\u00a0\u00a0\u00a0\u00a0\u00a0\u00a0\u00a0\u00a0\u00a0\u00a0\u00a0\u00a0\u00a0\u00a0\u00a0\u00a0\u00a0\u00a0\u00a0\u00a0\u00a0\u00a0\u00a0\u00a0\u00a0\u00a0\u00a0\u00a0\u00a0\u00a0\u00a0\u00a0\u00a0\u00a0\u00a0\u00a0\u00a0\u00a0\u00a0\u00a0\u00a0\u00a0\u00a0\u00a0\u00a0\u00a0\u00a0\u00a0\u00a0\u00a0\u00a0\u00a0\u00a0\u00a0\u00a0\u00a0\u00a0\u00a0\u00a0\u00a0\u00a0\u00a0\u00a0\u00a0\u00a0\u00a0\u00a0\u00a0\u00a0\u00a0\u00a0\u00a0\u00a0\u00a0\u00a0\u00a0\u00a0\u00a0\u00a0\u00a0\u00a0\u00a0\u00a0\u00a0\u00a0\u00a0\u00a0\u00a0\u00a0\u00a0\u00a0\u00a0\u00a0\u00a0\u00a0\u00a0\u00a0\u00a0\u00a0\u00a0\u00a0\u00a0\u00a0\u00a0\u00a0 Een eerste radar om de mogelijkheden tot verbeteren van het rendement van uw business development activiteiten te inventariseren. Daarbij worden concrete\u00a0kansen aangegeven. Kiezen\u00a0van\u00a0kansrijke\u00a0mogelijkheden:\u00a0\u00a0\u00a0\u00a0\u00a0\u00a0\u00a0\u00a0\u00a0\u00a0\u00a0\u00a0\u00a0\u00a0\u00a0\u00a0\u00a0\u00a0\u00a0\u00a0\u00a0\u00a0\u00a0\u00a0\u00a0\u00a0\u00a0\u00a0\u00a0\u00a0\u00a0\u00a0\u00a0\u00a0\u00a0\u00a0\u00a0\u00a0\u00a0\u00a0\u00a0\u00a0\u00a0\u00a0\u00a0\u00a0\u00a0\u00a0\u00a0\u00a0\u00a0\u00a0\u00a0\u00a0\u00a0\u00a0\u00a0\u00a0\u00a0\u00a0\u00a0\u00a0\u00a0\u00a0\u00a0\u00a0\u00a0\u00a0\u00a0\u00a0\u00a0\u00a0\u00a0\u00a0\u00a0\u00a0\u00a0\u00a0\u00a0\u00a0\u00a0\u00a0\u00a0\u00a0\u00a0\u00a0\u00a0\u00a0\u00a0\u00a0\u00a0\u00a0\u00a0\u00a0\u00a0\u00a0\u00a0\u00a0\u00a0\u00a0\u00a0\u00a0\u00a0\u00a0\u00a0\u00a0\u00a0\u00a0\u00a0\u00a0\u00a0\u00a0\u00a0\u00a0\u00a0\u00a0\u00a0\u00a0\u00a0\u00a0\u00a0\u00a0 Hier &hellip; <a href=\"https:\/\/www.admerito.nl\/?page_id=11\" class=\"more-link\">Continue reading <span class=\"screen-reader-text\">Aanpak van business development &#038; innovatie trajecten<\/span><\/a><\/p>\n","protected":false},"author":1,"featured_media":0,"parent":10,"menu_order":2,"comment_status":"closed","ping_status":"open","template":"","meta":{"footnotes":""},"_links":{"self":[{"href":"https:\/\/www.admerito.nl\/index.php?rest_route=\/wp\/v2\/pages\/11"}],"collection":[{"href":"https:\/\/www.admerito.nl\/index.php?rest_route=\/wp\/v2\/pages"}],"about":[{"href":"https:\/\/www.admerito.nl\/index.php?rest_route=\/wp\/v2\/types\/page"}],"author":[{"embeddable":true,"href":"https:\/\/www.admerito.nl\/index.php?rest_route=\/wp\/v2\/users\/1"}],"replies":[{"embeddable":true,"href":"https:\/\/www.admerito.nl\/index.php?rest_route=%2Fwp%2Fv2%2Fcomments&post=11"}],"version-history":[{"count":1,"href":"https:\/\/www.admerito.nl\/index.php?rest_route=\/wp\/v2\/pages\/11\/revisions"}],"predecessor-version":[{"id":109,"href":"https:\/\/www.admerito.nl\/index.php?rest_route=\/wp\/v2\/pages\/11\/revisions\/109"}],"up":[{"embeddable":true,"href":"https:\/\/www.admerito.nl\/index.php?rest_route=\/wp\/v2\/pages\/10"}],"wp:attachment":[{"href":"https:\/\/www.admerito.nl\/index.php?rest_route=%2Fwp%2Fv2%2Fmedia&parent=11"}],"curies":[{"name":"wp","href":"https:\/\/api.w.org\/{rel}","templated":true}]}}